{"id":215,"date":"2022-12-11T11:29:19","date_gmt":"2022-12-11T10:29:19","guid":{"rendered":"https:\/\/sa-gov.org\/?page_id=215"},"modified":"2024-05-12T18:25:53","modified_gmt":"2024-05-12T16:25:53","slug":"startseite","status":"publish","type":"page","link":"https:\/\/gov.state-sa.com\/","title":{"rendered":"Startseite"},"content":{"rendered":"<div class=\"style-451 style-local-215-c1 position-relative\" data-colibri-id=\"215-c1\">\n<div id=\"custom\" class=\"h-section h-section-global-spacing d-flex align-items-lg-center align-items-md-center align-items-center style-454 style-local-215-c2 position-relative\" data-colibri-component=\"section\" data-colibri-id=\"215-c2\">\n<div class=\"h-section-grid-container h-section-boxed-container\">\n<div class=\"h-row-container gutters-row-lg-2 gutters-row-md-2 gutters-row-0 gutters-row-v-lg-2 gutters-row-v-md-2 gutters-row-v-2 style-455 style-local-215-c3 position-relative\" data-colibri-id=\"215-c3\">\n<div class=\"h-row justify-content-lg-center justify-content-md-center justify-content-center align-items-lg-stretch align-items-md-stretch align-items-stretch gutters-col-lg-2 gutters-col-md-2 gutters-col-0 gutters-col-v-lg-2 gutters-col-v-md-2 gutters-col-v-2\">\n<div class=\"h-column h-column-container d-flex h-col-lg-auto h-col-md-auto h-col-auto style-456-outer style-local-215-c4-outer\">\n<div class=\"d-flex h-flex-basis h-column__inner h-px-lg-2 h-px-md-2 h-px-2 v-inner-lg-2 v-inner-md-2 v-inner-2 style-456 style-local-215-c4 position-relative\" data-colibri-id=\"215-c4\">\n<div class=\"w-100 h-y-container h-column__content h-column__v-align flex-basis-100 align-self-lg-start align-self-md-start align-self-start\">\n<div class=\"h-text h-text-component style-457 style-local-215-c5 position-relative h-element\" data-colibri-id=\"215-c5\">\n<div class=\"\">\n\n((Bei dieser Website handelt es sich um eine fiktive Institution auf State-SA.com und soll entsprechend auch nur als solche gesehen werden.\n\n\u00c4hnlichkeiten mit echten Personen, Institutionen, Unternehmen, etc. sind rein zuf\u00e4llig und nicht beabsichtigt.\n\nUnser Impressum und die Datenschutzerkl\u00e4rung finden Sie auf state-sa.com.))\n\n<\/div>\n<\/div>\n<\/div>\n<\/div>\n<\/div>\n<\/div>\n<\/div>\n<\/div>\n<\/div>\n<\/div>","protected":false},"excerpt":{"rendered":"<p>((Bei dieser Website handelt es sich um eine fiktive Institution auf State-SA.com und soll entsprechend auch nur als solche gesehen werden. \u00c4hnlichkeiten mit echten Personen, Institutionen, Unternehmen, etc. sind rein zuf\u00e4llig und nicht beabsichtigt. Unser Impressum und die Datenschutzerkl\u00e4rung finden Sie auf state-sa.com.))<\/p>\n","protected":false},"author":2,"featured_media":0,"parent":0,"menu_order":0,"comment_status":"closed","ping_status":"closed","template":"page-templates\/full-width-page.php","meta":{"footnotes":""},"class_list":["post-215","page","type-page","status-publish","hentry"],"_links":{"self":[{"href":"https:\/\/gov.state-sa.com\/index.php?rest_route=\/wp\/v2\/pages\/215","targetHints":{"allow":["GET"]}}],"collection":[{"href":"https:\/\/gov.state-sa.com\/index.php?rest_route=\/wp\/v2\/pages"}],"about":[{"href":"https:\/\/gov.state-sa.com\/index.php?rest_route=\/wp\/v2\/types\/page"}],"author":[{"embeddable":true,"href":"https:\/\/gov.state-sa.com\/index.php?rest_route=\/wp\/v2\/users\/2"}],"replies":[{"embeddable":true,"href":"https:\/\/gov.state-sa.com\/index.php?rest_route=%2Fwp%2Fv2%2Fcomments&post=215"}],"version-history":[{"count":20,"href":"https:\/\/gov.state-sa.com\/index.php?rest_route=\/wp\/v2\/pages\/215\/revisions"}],"predecessor-version":[{"id":887,"href":"https:\/\/gov.state-sa.com\/index.php?rest_route=\/wp\/v2\/pages\/215\/revisions\/887"}],"wp:attachment":[{"href":"https:\/\/gov.state-sa.com\/index.php?rest_route=%2Fwp%2Fv2%2Fmedia&parent=215"}],"curies":[{"name":"wp","href":"https:\/\/api.w.org\/{rel}","templated":true}]}}